{"id":2505,"date":"2026-03-11T19:24:51","date_gmt":"2026-03-11T18:24:51","guid":{"rendered":"https:\/\/videoessays.org\/?page_id=2505"},"modified":"2026-03-11T19:34:59","modified_gmt":"2026-03-11T18:34:59","slug":"2505-2","status":"publish","type":"page","link":"https:\/\/videoessays.org\/index.php\/2505-2\/","title":{"rendered":""},"content":{"rendered":"<div style=\"height:80px\" aria-hidden=\"true\" class=\" wp-block-spacer eplus-wrapper eplus-styles-uid-b6b4e2\"><\/div>\n\n\n<p class=\" eplus-wrapper\"><strong>2026 Workshop<\/strong><\/p>\n\n\n\n<div class=\" wp-block-media-text is-stacked-on-mobile eplus-wrapper\" style=\"grid-template-columns:39% auto\"><figure class=\"wp-block-media-text__media\"><img loading=\"lazy\" decoding=\"async\" width=\"1024\" height=\"588\" src=\"https:\/\/videoessays.org\/wp-content\/uploads\/2026\/03\/Screenshot-2026-03-09-at-10.49.45-2-1024x588.png\" alt=\"\" class=\"wp-image-2506 size-full\" srcset=\"https:\/\/videoessays.org\/wp-content\/uploads\/2026\/03\/Screenshot-2026-03-09-at-10.49.45-2-1024x588.png 1024w, https:\/\/videoessays.org\/wp-content\/uploads\/2026\/03\/Screenshot-2026-03-09-at-10.49.45-2-300x172.png 300w, https:\/\/videoessays.org\/wp-content\/uploads\/2026\/03\/Screenshot-2026-03-09-at-10.49.45-2-768x441.png 768w, https:\/\/videoessays.org\/wp-content\/uploads\/2026\/03\/Screenshot-2026-03-09-at-10.49.45-2-1536x883.png 1536w, https:\/\/videoessays.org\/wp-content\/uploads\/2026\/03\/Screenshot-2026-03-09-at-10.49.45-2-2048x1177.png 2048w\" sizes=\"auto, (max-width: 1024px) 100vw, 1024px\" \/><\/figure><div class=\"wp-block-media-text__content\">\n<h2 class=\" wp-block-heading has-large-font-size eplus-wrapper\">Founding of the feminist art collective Dear Rageuses<\/h2>\n\n\n<p class=\" eplus-wrapper eplus-styles-uid-f3364f\"><strong>January, 2026<\/strong><\/p>\n\n<p class=\" eplus-wrapper eplus-styles-uid-24b8d8\">In January 2026, project team members Silvia Cipelletti, Marine de Dardel, Evelyn Kreutzer, and affiliated researcher Flavia Mazzarino travelled to Paris for a creative &#8220;feminist rage&#8221; <strong>workshop<\/strong>, during which they co-founded the art collective Dear Rageuses and produced the short film &#8220;The Passion of Giovanna,&#8221; which premiered in Strasbourg in February. The collective also includes Cl\u00e9mence Follea, L\u00e9ho Galibert-La\u00een\u00e9, Chiara Grizzaffi, Occitane Lacurie, Alice Lenay, and Ariane Papillon.<\/p><\/div><\/div>\n\n\n<div style=\"height:100px\" aria-hidden=\"true\" class=\" wp-block-spacer eplus-wrapper eplus-styles-uid-b6b4e2\"><\/div>","protected":false},"excerpt":{"rendered":"<p>2026 Workshop Founding of the feminist art collective Dear Rageuses January, 2026 In January 2026, project team members Silvia Cipelletti, Marine de Dardel, Evelyn Kreutzer, and affiliated researcher Flavia Mazzarino travelled to Paris for a creative &#8220;feminist rage&#8221; workshop, during which they co-founded the art collective Dear Rageuses and produced the short film &#8220;The Passion [&hellip;]<\/p>\n","protected":false},"author":1,"featured_media":0,"parent":0,"menu_order":0,"comment_status":"closed","ping_status":"closed","template":"","meta":{"editor_plus_copied_stylings":"{}","footnotes":""},"class_list":["post-2505","page","type-page","status-publish","hentry"],"_links":{"self":[{"href":"https:\/\/videoessays.org\/index.php\/wp-json\/wp\/v2\/pages\/2505","targetHints":{"allow":["GET"]}}],"collection":[{"href":"https:\/\/videoessays.org\/index.php\/wp-json\/wp\/v2\/pages"}],"about":[{"href":"https:\/\/videoessays.org\/index.php\/wp-json\/wp\/v2\/types\/page"}],"author":[{"embeddable":true,"href":"https:\/\/videoessays.org\/index.php\/wp-json\/wp\/v2\/users\/1"}],"replies":[{"embeddable":true,"href":"https:\/\/videoessays.org\/index.php\/wp-json\/wp\/v2\/comments?post=2505"}],"version-history":[{"count":4,"href":"https:\/\/videoessays.org\/index.php\/wp-json\/wp\/v2\/pages\/2505\/revisions"}],"predecessor-version":[{"id":2517,"href":"https:\/\/videoessays.org\/index.php\/wp-json\/wp\/v2\/pages\/2505\/revisions\/2517"}],"wp:attachment":[{"href":"https:\/\/videoessays.org\/index.php\/wp-json\/wp\/v2\/media?parent=2505"}],"curies":[{"name":"wp","href":"https:\/\/api.w.org\/{rel}","templated":true}]}}