{"id":1523,"date":"2025-12-07T16:55:09","date_gmt":"2025-12-07T15:55:09","guid":{"rendered":"https:\/\/videoessays.org\/?page_id=1523"},"modified":"2026-03-19T10:45:06","modified_gmt":"2026-03-19T09:45:06","slug":"1523-2","status":"publish","type":"page","link":"https:\/\/videoessays.org\/index.php\/1523-2\/","title":{"rendered":""},"content":{"rendered":"\n<p class=\" eplus-wrapper\"><\/p>\n\n\n\n<p class=\" eplus-wrapper\"><\/p>\n\n\n\n<figure class=\"wp-block-image aligncenter size-full is-resized eplus-wrapper wp-duotone-unset-1\"><img loading=\"lazy\" decoding=\"async\" width=\"1950\" height=\"798\" src=\"https:\/\/videoessays.org\/wp-content\/uploads\/2026\/03\/Screenshot-2025-12-07-alle-15.21.50.png\" alt=\"\" class=\"wp-image-2605\" style=\"width:2000px\" srcset=\"https:\/\/videoessays.org\/wp-content\/uploads\/2026\/03\/Screenshot-2025-12-07-alle-15.21.50.png 1950w, https:\/\/videoessays.org\/wp-content\/uploads\/2026\/03\/Screenshot-2025-12-07-alle-15.21.50-300x123.png 300w, https:\/\/videoessays.org\/wp-content\/uploads\/2026\/03\/Screenshot-2025-12-07-alle-15.21.50-1024x419.png 1024w, https:\/\/videoessays.org\/wp-content\/uploads\/2026\/03\/Screenshot-2025-12-07-alle-15.21.50-768x314.png 768w, https:\/\/videoessays.org\/wp-content\/uploads\/2026\/03\/Screenshot-2025-12-07-alle-15.21.50-1536x629.png 1536w\" sizes=\"auto, (max-width: 1950px) 100vw, 1950px\" \/><\/figure>\n\n\n\n<div style=\"height:5px\" aria-hidden=\"true\" class=\" wp-block-spacer eplus-wrapper\"><\/div>\n\n\n\n<div class=\"wp-block-buttons eplus-wrapper is-layout-flex wp-block-buttons-is-layout-flex\"><div class=\" wp-block-button eplus-wrapper eplus-styles-uid-89d818\"><a class=\"wp-block-button__link has-secondary-background-color has-background has-small-font-size has-custom-font-size wp-element-button\" href=\"https:\/\/videoessays.org\/index.php\/1465-2\/\">\u2190 Back to Expanded Screens Program<\/a><\/div><\/div>\n\n\n\n<div style=\"height:50px\" aria-hidden=\"true\" class=\" wp-block-spacer eplus-wrapper\"><\/div>\n\n\n\n<h2 class=\" wp-block-heading eplus-wrapper\"><strong>EXPANDED SCREENS PROGRAM 1: WHERE DOES FILM LIVE?<\/strong><\/h2>\n\n\n\n<div style=\"height:5px\" aria-hidden=\"true\" class=\" wp-block-spacer eplus-wrapper\"><\/div>\n\n\n<h2 class=\" wp-block-heading eplus-wrapper eplus-styles-uid-f3364f\">Friday, Jan 3, 2025 at 7:30 p.m. <br>Location: Bartos Screening Room<\/h2>\n\n\n<div style=\"height:10px\" aria-hidden=\"true\" class=\" wp-block-spacer eplus-wrapper\"><\/div>\n\n\n\n<p class=\" eplus-wrapper\">Where does film live? And where does it get produced, experienced, and talked about? This program presents a range of video essays that inquire into the place of film in today\u2019s world and media landscape, including desktop screens, online forums, production lots, and the streets of Hollywood.<\/p>\n\n\n\n<p class=\" eplus-wrapper\">Total run time: 82 mins.<\/p>\n\n\n\n<div style=\"height:50px\" aria-hidden=\"true\" class=\" wp-block-spacer eplus-wrapper\"><\/div>\n\n\n<h2 class=\" wp-block-heading has-text-align-center eplus-wrapper eplus-styles-uid-a62243\">Featuring:<\/h2>\n\n\n<div style=\"height:20px\" aria-hidden=\"true\" class=\" wp-block-spacer eplus-wrapper\"><\/div>\n\n\n<div class=\"wp-block-columns are-vertically-aligned-center eplus-wrapper is-layout-flex wp-container-core-columns-is-layout-1 wp-block-columns-is-layout-flex eplus-styles-uid-3a7bab\">\n<div class=\"wp-block-column is-vertically-aligned-center eplus-wrapper is-layout-flow wp-block-column-is-layout-flow\"><figure class=\"wp-embed-aspect-16-9 wp-has-aspect-ratio wp-block-embed is-type-video is-provider-vimeo wp-block-embed-vimeo eplus-wrapper eplus-styles-uid-35d4a2\"><div class=\"wp-block-embed__wrapper\">\n<iframe loading=\"lazy\" title=\"Practices of Viewing: Screenshot\" src=\"https:\/\/player.vimeo.com\/video\/589010075?dnt=1&amp;app_id=122963\" width=\"500\" height=\"281\" frameborder=\"0\" allow=\"autoplay; fullscreen; picture-in-picture; clipboard-write; encrypted-media; web-share\" referrerpolicy=\"strict-origin-when-cross-origin\"><\/iframe>\n<\/div><\/figure>\n\n<p class=\" has-text-align-center eplus-wrapper eplus-styles-uid-286907\"><em><strong>Practices of Viewing: Screenshot<\/strong><\/em><br>by Johannes Binotto, 2021<\/p><\/div>\n\n\n\n<div class=\"wp-block-column is-vertically-aligned-center eplus-wrapper is-layout-flow wp-block-column-is-layout-flow\"><figure class=\"wp-embed-aspect-16-9 wp-has-aspect-ratio wp-block-embed is-type-video is-provider-vimeo wp-block-embed-vimeo eplus-wrapper eplus-styles-uid-35d4a2\"><div class=\"wp-block-embed__wrapper\">\n<iframe loading=\"lazy\" title=\"Cycles of Labour: In the Metaverse, We Will Be Housewives (NECSUS)\" src=\"https:\/\/player.vimeo.com\/video\/872459036?dnt=1&amp;app_id=122963\" width=\"500\" height=\"281\" frameborder=\"0\" allow=\"autoplay; fullscreen; picture-in-picture; clipboard-write; encrypted-media; web-share\" referrerpolicy=\"strict-origin-when-cross-origin\"><\/iframe>\n<\/div><\/figure>\n\n<p class=\" has-text-align-center eplus-wrapper eplus-styles-uid-286907\"><em><strong>Cycles of Labour: In the Metaverse, We Will Be Housewives<\/strong><\/em><br>by Veronika Han\u00e1kov\u00e1, Martin Trem\u010dinsk\u00fd, Ji\u0159\u00ed Anger, 2024<\/p><\/div>\n<\/div>\n\n\n<div style=\"height:10px\" aria-hidden=\"true\" class=\" wp-block-spacer eplus-wrapper\"><\/div>\n\n\n<div class=\"wp-block-columns are-vertically-aligned-center eplus-wrapper is-layout-flex wp-container-core-columns-is-layout-2 wp-block-columns-is-layout-flex eplus-styles-uid-bcff95\">\n<div class=\"wp-block-column is-vertically-aligned-center eplus-wrapper is-layout-flow wp-block-column-is-layout-flow\"><figure class=\"wp-embed-aspect-16-9 wp-has-aspect-ratio vimeo-black-bars  wp-block-embed is-type-video is-provider-vimeo wp-block-embed-vimeo eplus-wrapper eplus-styles-uid-35d4a2\"><div class=\"wp-block-embed__wrapper\">\n<iframe loading=\"lazy\" title=\"Void \/ Vac\u00edo\" src=\"https:\/\/player.vimeo.com\/video\/834461886?dnt=1&amp;app_id=122963\" width=\"500\" height=\"281\" frameborder=\"0\" allow=\"autoplay; fullscreen; picture-in-picture; clipboard-write; encrypted-media; web-share\" referrerpolicy=\"strict-origin-when-cross-origin\"><\/iframe>\n<\/div><\/figure>\n\n<p class=\" has-text-align-center eplus-wrapper eplus-styles-uid-286907\"><em><strong>Void<\/strong><\/em><br>by Kevin L. Ferguson, 2023<\/p><\/div>\n\n\n\n<div class=\"wp-block-column is-vertically-aligned-center eplus-wrapper is-layout-flow wp-block-column-is-layout-flow\"><figure class=\"wp-embed-aspect-16-9 wp-has-aspect-ratio vimeo-black-bars  wp-block-embed aligncenter is-type-video is-provider-vimeo wp-block-embed-vimeo eplus-wrapper eplus-styles-uid-90eafe\"><div class=\"wp-block-embed__wrapper\">\n<iframe loading=\"lazy\" title=\"IMPERSONATOR | Official Trailer\" src=\"https:\/\/player.vimeo.com\/video\/633011129?dnt=1&amp;app_id=122963\" width=\"500\" height=\"209\" frameborder=\"0\" allow=\"autoplay; fullscreen; picture-in-picture; clipboard-write; encrypted-media; web-share\" referrerpolicy=\"strict-origin-when-cross-origin\"><\/iframe>\n<\/div><\/figure>\n\n<p class=\" has-text-align-center eplus-wrapper eplus-styles-uid-286907\"><em><strong>IMPERSONATOR<\/strong><\/em><strong> (Official Trailer)<\/strong><br>by Andrew Norman Wilson, 2021<\/p><\/div>\n<\/div>\n\n\n<div style=\"height:10px\" aria-hidden=\"true\" class=\" wp-block-spacer eplus-wrapper\"><\/div>\n\n\n<div class=\"wp-block-columns are-vertically-aligned-center eplus-wrapper is-layout-flex wp-container-core-columns-is-layout-3 wp-block-columns-is-layout-flex eplus-styles-uid-10374f\">\n<div class=\"wp-block-column is-vertically-aligned-center eplus-wrapper is-layout-flow wp-block-column-is-layout-flow\"><figure class=\"wp-embed-aspect-16-9 wp-has-aspect-ratio wp-block-embed is-type-video is-provider-vimeo wp-block-embed-vimeo eplus-wrapper eplus-styles-uid-35d4a2\"><div class=\"wp-block-embed__wrapper\">\n<iframe loading=\"lazy\" title=\"My Mulholland\" src=\"https:\/\/player.vimeo.com\/video\/426494447?dnt=1&amp;app_id=122963\" width=\"500\" height=\"281\" frameborder=\"0\" allow=\"autoplay; fullscreen; picture-in-picture; clipboard-write; encrypted-media; web-share\" referrerpolicy=\"strict-origin-when-cross-origin\"><\/iframe>\n<\/div><\/figure>\n\n<p class=\" has-text-align-center eplus-wrapper eplus-styles-uid-286907\"><em><strong>Once Upon a Screen: My Mulholland<\/strong><\/em><br>by Jessica McGoff, 2020<\/p><\/div>\n\n\n\n<div class=\"wp-block-column is-vertically-aligned-center eplus-wrapper is-layout-flow wp-block-column-is-layout-flow\"><figure class=\"wp-embed-aspect-16-9 wp-has-aspect-ratio wp-block-embed is-type-video is-provider-vimeo wp-block-embed-vimeo eplus-wrapper eplus-styles-uid-35d4a2\"><div class=\"wp-block-embed__wrapper\">\n<iframe loading=\"lazy\" title=\"Sticky\" src=\"https:\/\/player.vimeo.com\/video\/945517053?dnt=1&amp;app_id=122963\" width=\"500\" height=\"281\" frameborder=\"0\" allow=\"autoplay; fullscreen; picture-in-picture; clipboard-write; encrypted-media; web-share\" referrerpolicy=\"strict-origin-when-cross-origin\"><\/iframe>\n<\/div><\/figure>\n\n<p class=\" has-text-align-center eplus-wrapper eplus-styles-uid-286907\"><em><strong>Sticky<\/strong><\/em><br>by Maria Hofmann, 2024<\/p><\/div>\n<\/div>\n\n\n<div style=\"height:100px\" aria-hidden=\"true\" class=\" wp-block-spacer eplus-wrapper\"><\/div>\n","protected":false},"excerpt":{"rendered":"<p>EXPANDED SCREENS PROGRAM 1: WHERE DOES FILM LIVE? Friday, Jan 3, 2025 at 7:30 p.m. Location: Bartos Screening Room Where does film live? And where does it get produced, experienced, and talked about? This program presents a range of video essays that inquire into the place of film in today\u2019s world and media landscape, including [&hellip;]<\/p>\n","protected":false},"author":1,"featured_media":0,"parent":0,"menu_order":0,"comment_status":"closed","ping_status":"closed","template":"wp-custom-template-page-full-width","meta":{"editor_plus_copied_stylings":"{}","footnotes":""},"class_list":["post-1523","page","type-page","status-publish","hentry"],"_links":{"self":[{"href":"https:\/\/videoessays.org\/index.php\/wp-json\/wp\/v2\/pages\/1523","targetHints":{"allow":["GET"]}}],"collection":[{"href":"https:\/\/videoessays.org\/index.php\/wp-json\/wp\/v2\/pages"}],"about":[{"href":"https:\/\/videoessays.org\/index.php\/wp-json\/wp\/v2\/types\/page"}],"author":[{"embeddable":true,"href":"https:\/\/videoessays.org\/index.php\/wp-json\/wp\/v2\/users\/1"}],"replies":[{"embeddable":true,"href":"https:\/\/videoessays.org\/index.php\/wp-json\/wp\/v2\/comments?post=1523"}],"version-history":[{"count":66,"href":"https:\/\/videoessays.org\/index.php\/wp-json\/wp\/v2\/pages\/1523\/revisions"}],"predecessor-version":[{"id":2637,"href":"https:\/\/videoessays.org\/index.php\/wp-json\/wp\/v2\/pages\/1523\/revisions\/2637"}],"wp:attachment":[{"href":"https:\/\/videoessays.org\/index.php\/wp-json\/wp\/v2\/media?parent=1523"}],"curies":[{"name":"wp","href":"https:\/\/api.w.org\/{rel}","templated":true}]}}